{"id":1512,"date":"2019-09-23T11:10:09","date_gmt":"2019-09-23T11:10:09","guid":{"rendered":"https:\/\/www.thebigbox.cat\/politica-de-cookies\/"},"modified":"2019-09-23T11:10:09","modified_gmt":"2019-09-23T11:10:09","slug":"politica-de-cookies","status":"publish","type":"page","link":"https:\/\/www.thebigbox.cat\/ca\/politica-de-cookies\/","title":{"rendered":"Pol\u00edtica de cookies"},"content":{"rendered":"<p>[et_pb_section fb_built=&#8221;1&#8243; _builder_version=&#8221;4.16&#8243; global_colors_info=&#8221;{}&#8221;][et_pb_row _builder_version=&#8221;4.16&#8243; background_size=&#8221;initial&#8221; background_position=&#8221;top_left&#8221; background_repeat=&#8221;repeat&#8221; global_colors_info=&#8221;{}&#8221;][et_pb_column type=&#8221;4_4&#8243; _builder_version=&#8221;4.16&#8243; custom_padding=&#8221;|||&#8221; global_colors_info=&#8221;{}&#8221; custom_padding__hover=&#8221;|||&#8221;][et_pb_text _builder_version=&#8221;4.22.2&#8243; hover_enabled=&#8221;0&#8243; global_colors_info=&#8221;{}&#8221; sticky_enabled=&#8221;0&#8243;]<\/p>\n<p><strong>POL\u00cdTICA DE COOKIES<\/strong><\/p>\n<p>En THE BIG BOX PRODUCCIONS, S.L. utilizamos cookies con el objetivo de prestar un mejor servicio y proporcionarle una mejor experiencia en su navegaci\u00f3n. Queremos informarle de manera clara y precisa sobre las cookies que utilizamos, detallando a continuaci\u00f3n, qu\u00e9 es una cookie, para qu\u00e9 sirve, qu\u00e9 tipos de cookies utilizamos, cu\u00e1les son sus finalidades y c\u00f3mo puede configurarlas o deshabilitarlas si as\u00ed lo desea.<\/p>\n<p><strong>\u00bfQu\u00e9 son las cookies?<\/strong><\/p>\n<p>Una cookie es un fichero que se descarga en su ordenador al acceder a determinadas p\u00e1ginas web. Las cookies permiten a una p\u00e1gina web, entre otras cosas, almacenar y recuperar informaci\u00f3n sobre los h\u00e1bitos de navegaci\u00f3n de un usuario o de su equipo y, dependiendo de la informaci\u00f3n que contengan y de la forma en que utilice su equipo, pueden utilizarse para reconocer al usuario.<\/p>\n<p>El conjunto de &#8220;cookies&#8221; de todos nuestros usuarios nos ayuda a mejorar la calidad de nuestra web, permiti\u00e9ndonos controlar qu\u00e9 p\u00e1ginas son \u00fatiles, cu\u00e1les no y cu\u00e1les son susceptibles de mejora. Las cookies son esenciales para el funcionamiento de internet, aportando innumerables ventajas en la prestaci\u00f3n de servicios interactivos, facilit\u00e1ndote la navegaci\u00f3n y usabilidad de nuestra web. En ning\u00fan caso las cookies podr\u00edan da\u00f1ar su equipo. Por contra, el que est\u00e9n activas nos ayuda a identificar y resolver los errores.<\/p>\n<p>Las cookies no le identifican personalmente y no suponen ning\u00fan riesgo para su ordenador o dispositivo m\u00f3vil. No son virus ni software esp\u00eda. Simplemente son herramientas utilizadas por los sitios web que visita para mejorar su navegaci\u00f3n, para que sus datos viajen por la red seguros, para ayudarnos a entender qu\u00e9 informaci\u00f3n de nuestra web es m\u00e1s \u00fatil para nuestros usuarios o para saber qu\u00e9 ofertas pueden ser del inter\u00e9s de cada usuario. Y todo ello de una manera totalmente an\u00f3nima: nunca sabremos su nombre, direcci\u00f3n o tel\u00e9fono a menos que usted nos lo facilite.\u00a0Usted decide si permite o no las cookies, pero si decide no permitirlas, debe bloquearlas en su navegador. Antes de bloquearlas, queremos ayudarle mejor a entender c\u00f3mo se usan las cookies.<\/p>\n<p><strong>Tipos de cookies:<\/strong><\/p>\n<p>Seg\u00fan la entidad que la gestiona, las cookies pueden ser:<\/p>\n<ul>\n<li><strong>Cookies propias: <\/strong>Son aquellas que se env\u00edan a su equipo desde nuestros propios equipos o dominios y desde el que prestamos el servicio que nos solicita.<\/li>\n<li><strong>Cookies de terceros: <\/strong>Son aquellas que se env\u00edan a su equipo desde un equipo o dominio que no es gestionado por nosotros, sino por otra entidad colaboradora.<\/li>\n<\/ul>\n<p>Seg\u00fan el plazo de tiempo que permanecen activadas:<\/p>\n<ul>\n<li><strong>Cookies de sesi\u00f3n: <\/strong>Son cookies temporales que permanecen en el archivo de cookies de su navegador hasta que abandona la p\u00e1gina web, por lo que ninguna queda registrada en el disco duro de su ordenador. La informaci\u00f3n obtenida por medio de estas cookies, sirven para analizar pautas de tr\u00e1fico en la web. A la larga, esto nos permite proporcionar una mejor experiencia para mejorar el contenido y facilitar su uso.<\/li>\n<li><strong>Cookies persistentes: <\/strong>Son almacenadas en el disco duro y nuestra web las lee cada vez que realiza una nueva visita. Una web permanente posee una fecha de expiraci\u00f3n determinada. La cookie dejar\u00e1 de funcionar despu\u00e9s de esa fecha. Estas cookies las utilizamos, generalmente, para facilitar los servicios de compra y registro.<\/li>\n<\/ul>\n<p>Seg\u00fan su finalidad:<\/p>\n<ul>\n<li><strong>Cookies t\u00e9cnicas<\/strong>: Son aquellas necesarias para la navegaci\u00f3n y el buen funcionamiento de nuestra p\u00e1gina web. Permiten, por ejemplo, controlar el tr\u00e1fico y la comunicaci\u00f3n de datos, acceder a partes de acceso restringido, utilizar elementos de seguridad, almacenar contenidos para poder difundir v\u00eddeos o compartir contenidos a trav\u00e9s de redes sociales.<\/li>\n<li><strong>Cookies de an\u00e1lisis<\/strong>: Son aquellas que son tratadas por nosotros o por terceros, nos permiten cuantificar el n\u00famero de usuarios y as\u00ed realizar la medici\u00f3n y an\u00e1lisis estad\u00edstico de la utilizaci\u00f3n que hacen los usuarios del servicio ofertado. Para ello se analiza la navegaci\u00f3n en nuestra p\u00e1gina web con el fin de mejorar la misma.<\/li>\n<li><strong>Cookies de sesi\u00f3n<\/strong>: Son cookies temporales que permanecen en el archivo de cookies de su navegador hasta que abandone la p\u00e1gina web, por lo que ninguna queda registrada en el disco duro del usuario. La informaci\u00f3n obtenida por medio de estas cookies, sirven para analizar pautas de tr\u00e1fico en la web. A la larga, esto nos permite proporcionar una mejor experiencia para mejorar el contenido y facilitar su uso.<\/li>\n<li><strong>Cookies de personalizaci\u00f3n<\/strong>: Son aqu\u00e9llas que le permiten acceder al servicio con unas caracter\u00edsticas predefinidas en funci\u00f3n de una serie de criterios, como por ejemplo el idioma, el tipo de navegador a trav\u00e9s del cual se accede al servicio, la configuraci\u00f3n regional desde donde se accede al servicio, etc.<\/li>\n<li><strong>Cookies publicitarias:<\/strong> Son aqu\u00e9llas que permiten la gesti\u00f3n, de la forma m\u00e1s eficaz posible, de los espacios publicitarios que se pudieran incluir en nuestra p\u00e1gina web.<\/li>\n<li><strong>Cookies de publicidad comportamental:<\/strong> Estas cookies almacenan informaci\u00f3n del comportamiento de los usuarios obtenida a trav\u00e9s de la observaci\u00f3n continuada. Gracias a ellas, podemos conocer los h\u00e1bitos de navegaci\u00f3n en internet y mostrarle publicidad relacionada con su perfil de navegaci\u00f3n.<\/li>\n<\/ul>\n<p>&nbsp;<\/p>\n<p>A continuaci\u00f3n, detallamos las cookies utilizadas en nuestra web:<\/p>\n<table width=\"566\">\n<tbody>\n<tr>\n<td width=\"113\">\n<p><strong>Nombre de la cookie<\/strong><\/p>\n<\/td>\n<td width=\"85\">\n<p><strong>Propia o de terceros<\/strong><\/p>\n<\/td>\n<td width=\"95\">\n<p><strong>Finalidad de cookie<\/strong><\/p>\n<\/td>\n<td width=\"198\">\n<p><strong>Informaci\u00f3n de la cookie<\/strong><\/p>\n<\/td>\n<td width=\"76\">\n<p><strong>Plazo <\/strong><\/p>\n<\/td>\n<\/tr>\n<tr>\n<td width=\"113\">\n<p>_gat_gtag_UA_36138087_2<\/p>\n<\/td>\n<td width=\"85\">\n<p>Terceros<\/p>\n<p>(Google)<\/p>\n<\/td>\n<td width=\"95\">\n<p>An\u00e1lisis<\/p>\n<\/td>\n<td width=\"198\">\n<p>Es v\u00e1lida \u00fanicamente durante la actual sesi\u00f3n del navegador. Una vez se cierra el navegador, ser\u00e1 eliminada.<\/p>\n<\/td>\n<td width=\"76\">\n<p>Sesi\u00f3n<\/p>\n<\/td>\n<\/tr>\n<tr>\n<td width=\"113\">\n<p>_gid<\/p>\n<\/td>\n<td width=\"85\">\n<p>Terceros<\/p>\n<p>(Google)<\/p>\n<\/td>\n<td width=\"95\">\n<p>&nbsp;<\/p>\n<p>An\u00e1lisis<\/p>\n<\/td>\n<td width=\"198\">\n<p>Almacena c\u00f3mo ha llegado el visitante a nuestro sitio web, ya sea directamente introduciendo la direcci\u00f3n del dominio, un enlace, una b\u00fasqueda web o un anuncio<\/p>\n<\/td>\n<td width=\"76\">\n<p>2 a\u00f1os<\/p>\n<\/td>\n<\/tr>\n<tr>\n<td width=\"113\">\n<p>cc_cookie_accept<\/p>\n<\/td>\n<td width=\"85\">\n<p>Propia<\/p>\n<\/td>\n<td width=\"95\">\n<p>T\u00e9cnica<\/p>\n<\/td>\n<td width=\"198\">\n<p>Identificar si el usuario acepta el uso de cookies en este sitio web.<\/p>\n<\/td>\n<td width=\"76\">\n<p>1 a\u00f1o<\/p>\n<\/td>\n<\/tr>\n<tr>\n<td width=\"113\">\n<p>_ga<\/p>\n<\/td>\n<td width=\"85\">\n<p>Terceros<\/p>\n<p>(Google)<\/p>\n<\/td>\n<td width=\"95\">\n<p>&nbsp;<\/p>\n<p>An\u00e1lisis<\/p>\n<\/td>\n<td width=\"198\">\n<p>Almacena c\u00f3mo ha llegado el visitante a nuestro sitio web, ya sea directamente introduciendo la direcci\u00f3n del dominio, un enlace, una b\u00fasqueda web o un anuncio<\/p>\n<\/td>\n<td width=\"76\">\n<p>2 a\u00f1os<\/p>\n<\/td>\n<\/tr>\n<\/tbody>\n<\/table>\n<p><strong>\u00a0<\/strong><\/p>\n<p><strong>Configuraci\u00f3n, desactivaci\u00f3n, eliminaci\u00f3n o bloqueo las cookies: <\/strong><\/p>\n<p>A tenor de la normativa vigente THE BIG BOX PRODUCCIONS, S.L. le informa a sus usuarios de c\u00f3mo pueden configurar las cookies en su navegador en relaci\u00f3n a sus preferencias de privacidad y seguridad con las Cookies.<\/p>\n<p>Puede permitir, bloquear o eliminar las cookies instaladas en su equipo mediante la configuraci\u00f3n de las opciones de su navegador de Internet.<\/p>\n<p>El usuario tiene la posibilidad en todo momento de configurar su navegador para aceptar o rechazar las cookies, o revocar su consentimiento prestado con anterioridad.<\/p>\n<p>En caso de que no permita la instalaci\u00f3n de cookies en su navegador es posible que no pueda acceder a algunos de los servicios y que su experiencia en nuestra web pueda resultar menos satisfactoria.<\/p>\n<p>En los siguientes enlaces tienes a su disposici\u00f3n toda la informaci\u00f3n para configurar o deshabilitar sus cookies en cada navegador:<\/p>\n<ul>\n<li><strong>Mozilla Firefox<\/strong>: https:\/\/support.mozilla.org\/es\/kb\/habilitar-y-deshabilitar-cookies-sitios-web-rastrear-preferencias?redirectlocale=es&amp;redirectslug=habilitar-y-deshabilitar-cookies-que-los-sitios-we<\/li>\n<li><strong>Chrome<\/strong>: https:\/\/support.google.com\/chrome\/answer\/95647?hl=es<\/li>\n<li><strong>Internet Explorer<\/strong>: https:\/\/support.microsoft.com\/es-es\/help\/17442\/windows-internet-explorer-delete-manage-cookies<\/li>\n<li><strong>Safari<\/strong>: http:\/\/support.apple.com\/kb\/ph5042<\/li>\n<li><strong>Opera<\/strong>: http:\/\/help.opera.com\/Windows\/11.50\/es-ES\/cookies.html<\/li>\n<\/ul>\n<p>&nbsp;<\/p>\n<p>En THE BIG BOX PRODUCCIONS, S.L. nunca guardamos los datos personales de nuestros usuarios, a excepci\u00f3n de la direcci\u00f3n IP de acuerdo a lo descrito anteriormente, salvo que quiera registrarse, de forma voluntaria con el fin de realizar compras de los productos y servicios que ponemos a su disposici\u00f3n o de recibir informaci\u00f3n sobre promociones y contenidos de tu inter\u00e9s.<\/p>\n<p>El hecho de navegar y continuar en nuestra web sin que haya realizado una clara acci\u00f3n afirmativa por la que presta su consentimiento de manera libre e informada, no supondr\u00e1 el consentimiento de las cookies utilizadas en este sitio web, es decir, en ning\u00fan caso la mera actividad del usuario implica la prestaci\u00f3n del consentimiento por s\u00ed misma, ni la consulta de la segunda capa de la Pol\u00edtica de Cookies ni la navegaci\u00f3n necesaria para que el usuario gestiones sus preferencias en relaci\u00f3n con las Cookies, sin que estas situaciones sean una conducta activa de la que pueda derivarse la aceptaci\u00f3n de las Cookies para las que se requiera la prestaci\u00f3n del consentimiento.<\/p>\n<p>[\/et_pb_text][\/et_pb_column][\/et_pb_row][\/et_pb_section]<\/p>\n","protected":false},"excerpt":{"rendered":"<p>POL\u00cdTICA DE COOKIES En THE BIG BOX PRODUCCIONS, S.L. utilizamos cookies con el objetivo de prestar un mejor servicio y proporcionarle una mejor experiencia en su navegaci\u00f3n. Queremos informarle de manera clara y precisa sobre las cookies que utilizamos, detallando a continuaci\u00f3n, qu\u00e9 es una cookie, para qu\u00e9 sirve, qu\u00e9 tipos de cookies utilizamos, cu\u00e1les [&hellip;]<\/p>\n","protected":false},"author":1,"featured_media":0,"parent":0,"menu_order":0,"comment_status":"closed","ping_status":"closed","template":"","meta":{"_et_pb_use_builder":"on","_et_pb_old_content":"","_et_gb_content_width":"","footnotes":""},"class_list":["post-1512","page","type-page","status-publish","hentry"],"_links":{"self":[{"href":"https:\/\/www.thebigbox.cat\/ca\/wp-json\/wp\/v2\/pages\/1512","targetHints":{"allow":["GET"]}}],"collection":[{"href":"https:\/\/www.thebigbox.cat\/ca\/wp-json\/wp\/v2\/pages"}],"about":[{"href":"https:\/\/www.thebigbox.cat\/ca\/wp-json\/wp\/v2\/types\/page"}],"author":[{"embeddable":true,"href":"https:\/\/www.thebigbox.cat\/ca\/wp-json\/wp\/v2\/users\/1"}],"replies":[{"embeddable":true,"href":"https:\/\/www.thebigbox.cat\/ca\/wp-json\/wp\/v2\/comments?post=1512"}],"version-history":[{"count":0,"href":"https:\/\/www.thebigbox.cat\/ca\/wp-json\/wp\/v2\/pages\/1512\/revisions"}],"wp:attachment":[{"href":"https:\/\/www.thebigbox.cat\/ca\/wp-json\/wp\/v2\/media?parent=1512"}],"curies":[{"name":"wp","href":"https:\/\/api.w.org\/{rel}","templated":true}]}}