{"id":1521,"date":"2019-09-23T10:19:32","date_gmt":"2019-09-23T10:19:32","guid":{"rendered":"https:\/\/www.thebigbox.cat\/politica-de-privacidad\/"},"modified":"2023-10-18T09:13:44","modified_gmt":"2023-10-18T09:13:44","slug":"politica-de-privacitat","status":"publish","type":"page","link":"https:\/\/www.thebigbox.cat\/ca\/politica-de-privacitat\/","title":{"rendered":"Politica de privacitat"},"content":{"rendered":"<p>[et_pb_section fb_built=&#8221;1&#8243; _builder_version=&#8221;4.16&#8243; global_colors_info=&#8221;{}&#8221;][et_pb_row _builder_version=&#8221;4.16&#8243; background_size=&#8221;initial&#8221; background_position=&#8221;top_left&#8221; background_repeat=&#8221;repeat&#8221; global_colors_info=&#8221;{}&#8221;][et_pb_column type=&#8221;4_4&#8243; _builder_version=&#8221;4.16&#8243; custom_padding=&#8221;|||&#8221; global_colors_info=&#8221;{}&#8221; custom_padding__hover=&#8221;|||&#8221;][et_pb_text _builder_version=&#8221;4.22.2&#8243; hover_enabled=&#8221;0&#8243; global_colors_info=&#8221;{}&#8221; sticky_enabled=&#8221;0&#8243;]<\/p>\n<p>Por medio de este sitio web (WWW.THEBIGBOX.CAT), se recogen datos de car\u00e1cter personal necesarios para la gesti\u00f3n y mantenimiento de algunos de nuestros servicios.<\/p>\n<p>Le informamos que EL TITULAR DEL SITIO WEB (Responsable del tratamiento) cumple con la Ley Org\u00e1nica 3\/2018, de 5 de diciembre, de Protecci\u00f3n de Datos Personales y garant\u00eda de los derechos digitales (en adelante, LOPDGDD), el Reglamento UE 2016\/679, de Protecci\u00f3n de Datos (en adelante, RGPD) y dem\u00e1s normativa vigente y de aplicaci\u00f3n en cada momento, velando por garantizar un correcto uso y tratamiento de los datos personales del usuario.<\/p>\n<p>De conformidad con el art\u00edculo 13 del RGPD y art\u00edculo 11 LOPDGDD, esta Pol\u00edtica de Privacidad se aplica a los tratamientos de datos de car\u00e1cter personal que THE BIG BOX PRODUCCIONS, S.L., realiza como Responsable del tratamiento, en relaci\u00f3n con los datos que los usuarios y\/o clientes (personas f\u00edsicas) facilitan como consecuencia de la solicitud de informaci\u00f3n y\/o contrataci\u00f3n de los servicios y\/o productos que presta y comercializa a trav\u00e9s de su web, o recabados en cualquiera de las secciones del sitio web.<\/p>\n<p><strong>IDENTIDAD DEL RESPONSABLE DEL TRATAMIENTO DE SUS DATOS PERSONALES<\/strong><\/p>\n<ul>\n<li><strong>Responsable del tratamiento<\/strong>: THE BIG BOX PRODUCCIONS, S.L.<\/li>\n<li><strong>Domicilio<\/strong>: MARE DE DEU DEL CARME, 7 &#8211; 08320 EL MASNOU (BARCELONA)<\/li>\n<li><strong>CIF<\/strong>: B65698086<\/li>\n<li><strong>Email<\/strong>: <a href=\"mailto:INFO@THEBIGBOX.CAT\">INFO@THEBIGBOX.CAT<\/a><\/li>\n<\/ul>\n<p><strong>FINALIDADES DEL TRATAMIENTO DE SUS DATOS PERSONALES<\/strong><\/p>\n<p>Sus datos personales se utilizar\u00e1n con la finalidad gen\u00e9rica de la gesti\u00f3n y control de la relaci\u00f3n comercial establecida y, espec\u00edficamente para:<\/p>\n<ul>\n<li>Gestionar el acceso completo y la utilizaci\u00f3n correcta de los servicios y\/o productos por parte de los usuarios.<\/li>\n<li>Para comunicar con los usuarios en respuesta a incidencias, solicitudes, comentarios y preguntas que nos realice a trav\u00e9s de los servicios y\/o productos, as\u00ed como a los formularios de contacto de nuestra p\u00e1gina web (incluidos, correos electr\u00f3nicos y\/o las llamadas telef\u00f3nicas).<\/li>\n<li>Para proporcionar, actualizar, mantener y proteger los servicios y\/o productos y actividades.<\/li>\n<li>Para ofrecer nuevos servicios y\/o productos, ofertas especiales o actualizaciones.<\/li>\n<li>En su caso, gestionar procesos de selecci\u00f3n de personal en procesos selectivos de trabajadores y\/o colaboradores.<\/li>\n<li>Comunicaciones: Podremos enviarle correos electr\u00f3nicos, mensajes y otros tipos de comunicaci\u00f3n en referencia a los servicios y\/o productos, cuestiones t\u00e9cnicas y cambios en los mismos. Estas comunicaciones se consideran parte de los servicios y\/o productos y no puede renunciar a ellas.<\/li>\n<li>En su caso, comunicaciones Comerciales (Marketing): Podremos utilizar sus datos para contactarle, tanto por v\u00eda electr\u00f3nica como no electr\u00f3nica, para realizar encuestas, obtener su opini\u00f3n sobre el servicio prestado, y, ocasionalmente, para notificarle cambios, desarrollos importantes de los servicios y\/o productos, ofertas y\/o promociones de nuestros servicios y\/o productos o de terceras empresas relacionadas con nosotros. Estas ofertas comerciales ser\u00e1n, en todo caso, autorizadas de forma expresa y separada por el usuario que, puede revocar en cualquier momento su consentimiento a recibir estas notificaciones utilizando el mecanismo implementado al efecto en las mismas, o bien, desde las preferencias de la cuenta de cliente.<\/li>\n<\/ul>\n<p>No trataremos sus datos personales para ninguna otra finalidad m\u00e1s all\u00e1 de las descritas anteriormente salvo que venga impuesto por ley o exista alg\u00fan requerimiento judicial.<\/p>\n<p><strong>PLAZO DE CONSERVACI\u00d3N<\/strong><\/p>\n<p>Los datos personales proporcionados se conservar\u00e1n y tratar\u00e1n mientras se mantenga la relaci\u00f3n de prestaci\u00f3n de servicios y\/o productos, sin perjuicio de la posibilidad de ejercitar sus derechos en materia de protecci\u00f3n de datos (acceso, rectificaci\u00f3n, supresi\u00f3n, oposici\u00f3n, limitaci\u00f3n, portabilidad y a no ser objeto de decisiones individuales automatizadas) y durante los plazos de prescripci\u00f3n legales que sean de aplicaci\u00f3n. En este caso, se tratar\u00e1n sus datos de car\u00e1cter legal \u00fanicamente con la finalidad de acreditar el cumplimiento de las obligaciones legales o contractuales del Responsable del Tratamiento.<\/p>\n<p>Finalizados dichos plazos de prescripci\u00f3n, sus datos ser\u00e1n eliminados o, alternativamente, anonimizados.<\/p>\n<p><strong>LEGITIMACI\u00d3N DEL TRATAMIENTO<\/strong><\/p>\n<p>THE BIG BOX PRODUCCIONS, S.L. trata sus datos personales de acuerdo con las siguientes bases legales: <strong>Consentimiento del interesado<\/strong> (1), <strong>el inter\u00e9s leg\u00edtimo<\/strong> (2), <strong>la ejecuci\u00f3n de un contrato<\/strong> (3) y <strong>el cumplimiento de una obligaci\u00f3n legal aplicable al Responsable del Tratamiento<\/strong> (4).<\/p>\n<ol>\n<li><strong> El consentimiento del interesado<\/strong> prestado para las finalidades anteriormente descritas, que se solicitar\u00e1:<\/li>\n<\/ol>\n<ul>\n<li>En el proceso de registro como cliente o en la p\u00e1gina web o mediante correo electr\u00f3nico corporativo indicado en el sitio web, con la finalidad de atender de forma adecuada las consultas y peticiones de los usuarios,<\/li>\n<li>En el momento de enviar comunicaciones de THE BIG BOX PRODUCCIONS, S.L..<\/li>\n<\/ul>\n<p>Las solicitudes de informaci\u00f3n que nos haga llegar requieren que el interesado nos facilite de forma voluntaria y libre los datos necesarios para poder atenderle. No obstante, el interesado puede libremente negarse a facilitarnos esos datos o, posteriormente, revocar el consentimiento previamente otorgado para tratar sus datos, si bien esa negativa implicar\u00e1 la imposibilidad de que podamos atender su petici\u00f3n.<\/p>\n<p>El Responsable del Tratamiento enviar\u00e1 comunicaciones comerciales a los usuarios que se hayan registrado en el sitio web y que hayan otorgado su consentimiento para ello.<\/p>\n<ol start=\"2\">\n<li><strong> El Inter\u00e9s leg\u00edtimo<\/strong> de THE BIG BOX PRODUCCIONS, S.L. en mantener y fidelizar a sus clientes y\/o usuarios y atender mejor sus expectativas o intereses previamente manifestados, ej.: mejorar productos, gestionar solicitudes, consultas o reclamaciones, ofrecer productos similares a los contratados, informar sobre promociones etc., sin perjuicio del cumplimiento por parte de THE BIG BOX PRODUCCIONS, S.L. del resto de obligaciones relativas al env\u00edo de comunicaciones comerciales por v\u00eda electr\u00f3nica.<\/li>\n<li><strong> Ejecuci\u00f3n contractual<\/strong> entre THE BIG BOX PRODUCCIONS, S.L. y el usuario, tratando aquellos datos que el usuario facilite voluntariamente al Responsable del Tratamiento a trav\u00e9s del sitio web, con el fin de gestionar y prestar los productos y\/o servicios solicitados y\/o contratados, el pago, la facturaci\u00f3n y los env\u00edos.<\/li>\n<li><strong> Cumplimiento de las obligaciones legales aplicables al Responsable del Tratamiento.<\/strong><\/li>\n<\/ol>\n<p>THE BIG BOX PRODUCCIONS, S.L. entiende que, al facilitarnos esos datos, el interesado garantiza y se hace responsable de la veracidad, actualidad y exactitud de los mismos y que acepta y consiente expresamente en su tratamiento para las finalidades antes descritas.<\/p>\n<p><strong>DESTINATARIOS DE CESIONES O TRANSFERENCIAS<\/strong>.<\/p>\n<p>Con car\u00e1cter general, THE BIG BOX PRODUCCIONS, S.L. no ceder\u00e1 sus datos personales a terceros salvo que estemos obligados legalmente a ello o para atender a las finalidades del tratamiento.<\/p>\n<p>THE BIG BOX PRODUCCIONS, S.L. no realizar\u00e1 transferencias internacionales de los datos personales recabados a trav\u00e9s de este sitio web, con excepci\u00f3n de los siguientes supuestos:<\/p>\n<ul>\n<li>Que la transferencia internacional de datos sea necesaria para la ejecuci\u00f3n de un contrato o medidas precontractuales en las que el interesado sea parte.<\/li>\n<li>Que la transferencia internacional de datos sea necesaria por aplicaci\u00f3n de la legislaci\u00f3n vigente.<\/li>\n<li>Que la transferencia internacional de datos tenga lugar por mediar consentimiento expreso del interesado.<\/li>\n<li>Que la transferencia internacional de datos tenga lugar por encontrarse alojada la p\u00e1gina web en servidores ubicados fuera del Espacio Econ\u00f3mico Europeo.<\/li>\n<\/ul>\n<p>En todo caso, en los supuestos en los que pueda tener lugar transferencias internacionales de datos, THE BIG BOX PRODUCCIONS, S.L. comprobar\u00e1 que el pa\u00eds importador de datos garantice un nivel adecuado de protecci\u00f3n en aplicaci\u00f3n de la normativa vigente.<\/p>\n<p><strong>DERECHOS DE LAS PERSONAS INTERESADAS<\/strong>.<\/p>\n<p>La normativa de protecci\u00f3n de datos permite que puedas ejercer ante el responsable del tratamiento tus derechos de acceso, rectificaci\u00f3n, oposici\u00f3n, supresi\u00f3n (\u201cderecho al olvido\u201d), limitaci\u00f3n del tratamiento, portabilidad y de no ser objeto de decisiones individualizadas:<\/p>\n<ul>\n<li>Derecho de acceso: Permite al interesado conocer y obtener informaci\u00f3n sobre sus datos de car\u00e1cter personal sometidos a tratamiento.<\/li>\n<li>Derecho de rectificaci\u00f3n: Permite corregir errores, modificar los datos que resulten ser inexactos o incompletos y garantizar la certeza de sus datos personales.<\/li>\n<li>Derecho de supresi\u00f3n: Permite solicitar la eliminaci\u00f3n de sus datos personales cuando ya no sean necesarios para la ejecuci\u00f3n o prestaci\u00f3n del servicio.<\/li>\n<li>Derecho de oposici\u00f3n: Permite al interesado que no se lleve a cabo el tratamiento de sus datos de car\u00e1cter personal o su cese, salvo motivos leg\u00edtimos o para el ejercicio o defensa de posibles reclamaciones, en cuyo caso los mantendremos bloqueados durante el plazo correspondiente.<\/li>\n<li>Derecho de oposici\u00f3n al env\u00edo de publicidad: Los interesados podr\u00e1n oponerse al env\u00edo de comunicaciones comerciales. En ese caso puede revocar en cualquier momento su consentimiento a recibir estas notificaciones.<\/li>\n<li>Limitaci\u00f3n del tratamiento: En determinadas circunstancias, los interesados podr\u00e1n solicitar la limitaci\u00f3n del tratamiento de sus datos, en cuyo caso \u00fanicamente se conservar\u00e1n para el ejercicio o defensa de reclamaciones.<\/li>\n<li>Portabilidad de los datos: Las personas interesadas pueden solicitar recibir los datos que le incumban y que nos haya facilitado o que \u2013siempre que t\u00e9cnicamente sea posible\u2013 se los enviemos a otro responsable de tratamiento de su elecci\u00f3n, en un formato estructurado de uso com\u00fan y lectura mec\u00e1nica.<\/li>\n<li>Derecho a no ser objeto de decisiones individuales automatizadas (incluida la elaboraci\u00f3n de perfiles): Las personas interesadas tienen derecho a no ser objeto de una decisi\u00f3n basada en el tratamiento automatizado que produzca efectos o afecte significativamente.<\/li>\n<li>Posibilidad de retirar el consentimiento: El interesado tiene derecho a retirar en cualquier momento el consentimiento prestado, sin que ello afecte a la licitud del tratamiento basado en el consentimiento prestado en el momento de facilitarnos sus datos.<\/li>\n<\/ul>\n<p>Si desea ejercer alguno de los derechos expuestos, rogamos que se ponga en contacto con nosotros a trav\u00e9s de los datos de contacto que aparecen en \u201cIdentificaci\u00f3n del Responsable del tratamiento de los datos personales\u201d, en el que incluya la siguiente informaci\u00f3n:\u00a0 Nombre y apellidos, n\u00famero de DNI, direcci\u00f3n postal y electr\u00f3nica de contacto, indicando el tipo de derecho y especificando las condiciones del mismo.<\/p>\n<p>Posibilidad de reclamar ante la Autoridad de Control: THE BIG BOX PRODUCCIONS, S.L. le informa igualmente del derecho que le asiste de presentar una reclamaci\u00f3n ante la Agencia Espa\u00f1ola de Protecci\u00f3n de Datos (www.agpd.es) si considera que el tratamiento no se ajusta a la normativa vigente.<\/p>\n<p><strong>INFORMACI\u00d3N ADICIONAL<\/strong><\/p>\n<p><strong>Conservaci\u00f3n de determinados datos<\/strong><\/p>\n<p>THE BIG BOX PRODUCCIONS, S.L. informa que, en cumplimiento de las disposiciones de la Ley 25\/2007, de 18 de octubre, de conservaci\u00f3n de datos relativos a las comunicaciones electr\u00f3nicas y a las redes p\u00fablicas de comunicaciones, deber\u00e1 proceder a retener y conservar determinados datos de tr\u00e1fico generados durante el desarrollo de las comunicaciones con la finalidad de cederlos a las autoridades legitimadas, cuando concurran las circunstancias legales en ella previstas.<\/p>\n<p><strong>Datos registrados<\/strong><\/p>\n<p>Nuestros servidores recopilan informaci\u00f3n de manera autom\u00e1tica cuando el usuario utiliza los servicios de las webs. Estos datos de registro pueden incluir la direcci\u00f3n IP, la identificaci\u00f3n del dispositivo desde el que se accede a los productos, el sistema operativo, la configuraci\u00f3n del dispositivo.<\/p>\n<p><strong>Medidas de seguridad<\/strong><\/p>\n<p>Adem\u00e1s, se\u00a0le informa que EL TITULAR DEL SITIO WEB (Responsable del tratamiento) tiene implantadas las medidas de seguridad de \u00edndole t\u00e9cnica y organizativas necesarias para garantizar la seguridad de sus datos de car\u00e1cter personal y evitar su alteraci\u00f3n, p\u00e9rdida y tratamiento y\/o acceso no autorizado, habida cuenta del estado de la tecnolog\u00eda, la naturaleza de los datos almacenados y los riesgos a que est\u00e1n expuestos, ya provengan de la acci\u00f3n humana o del medio f\u00edsico o natural.\u00a0Asimismo,\u00a0se ha establecido medidas adicionales en orden a reforzar la confidencialidad e integridad de la informaci\u00f3n en su organizaci\u00f3n. Manteniendo continuamente la supervisi\u00f3n, control y evaluaci\u00f3n de los procesos para asegurar el respeto a la privacidad de los datos.<\/p>\n<p><strong>Modificaci\u00f3n de la Pol\u00edtica de Privacidad<\/strong><\/p>\n<p>La presente Pol\u00edtica de Privacidad podr\u00e1 ser modificada de acuerdo con la legislaci\u00f3n vigente en cualquier momento. No obstante, el Responsable del Tratamiento le informar\u00e1 de estos cambios siempre que los mismos tengan un impacto relevante para la protecci\u00f3n de sus datos de car\u00e1cter personal.<\/p>\n<p>Puede ponerse en contacto con el Responsable del Tratamiento en cualquier momento a trav\u00e9s de las direcciones postal y electr\u00f3nica indicadas en esta Pol\u00edtica de Privacidad.<strong>\u00a0<\/strong><\/p>\n<p>[\/et_pb_text][\/et_pb_column][\/et_pb_row][\/et_pb_section]<\/p>\n","protected":false},"excerpt":{"rendered":"<p>Por medio de este sitio web (WWW.THEBIGBOX.CAT), se recogen datos de car\u00e1cter personal necesarios para la gesti\u00f3n y mantenimiento de algunos de nuestros servicios. Le informamos que EL TITULAR DEL SITIO WEB (Responsable del tratamiento) cumple con la Ley Org\u00e1nica 3\/2018, de 5 de diciembre, de Protecci\u00f3n de Datos Personales y garant\u00eda de los derechos [&hellip;]<\/p>\n","protected":false},"author":1,"featured_media":0,"parent":0,"menu_order":0,"comment_status":"closed","ping_status":"closed","template":"","meta":{"_et_pb_use_builder":"on","_et_pb_old_content":"","_et_gb_content_width":"","footnotes":""},"class_list":["post-1521","page","type-page","status-publish","hentry"],"_links":{"self":[{"href":"https:\/\/www.thebigbox.cat\/ca\/wp-json\/wp\/v2\/pages\/1521","targetHints":{"allow":["GET"]}}],"collection":[{"href":"https:\/\/www.thebigbox.cat\/ca\/wp-json\/wp\/v2\/pages"}],"about":[{"href":"https:\/\/www.thebigbox.cat\/ca\/wp-json\/wp\/v2\/types\/page"}],"author":[{"embeddable":true,"href":"https:\/\/www.thebigbox.cat\/ca\/wp-json\/wp\/v2\/users\/1"}],"replies":[{"embeddable":true,"href":"https:\/\/www.thebigbox.cat\/ca\/wp-json\/wp\/v2\/comments?post=1521"}],"version-history":[{"count":1,"href":"https:\/\/www.thebigbox.cat\/ca\/wp-json\/wp\/v2\/pages\/1521\/revisions"}],"predecessor-version":[{"id":1527,"href":"https:\/\/www.thebigbox.cat\/ca\/wp-json\/wp\/v2\/pages\/1521\/revisions\/1527"}],"wp:attachment":[{"href":"https:\/\/www.thebigbox.cat\/ca\/wp-json\/wp\/v2\/media?parent=1521"}],"curies":[{"name":"wp","href":"https:\/\/api.w.org\/{rel}","templated":true}]}}