{"id":832,"date":"2018-06-12T16:52:52","date_gmt":"2018-06-12T16:52:52","guid":{"rendered":"https:\/\/www.thebigbox.cat\/?page_id=832"},"modified":"2023-10-16T07:11:18","modified_gmt":"2023-10-16T07:11:18","slug":"com-treballem","status":"publish","type":"page","link":"https:\/\/www.thebigbox.cat\/ca\/com-treballem\/","title":{"rendered":"Com treballem"},"content":{"rendered":"<p>[et_pb_section fb_built=&#8221;1&#8243; fullwidth=&#8221;on&#8221; _builder_version=&#8221;4.16&#8243; global_colors_info=&#8221;{}&#8221;][et_pb_fullwidth_header title=&#8221;Escoltem. Transformem. Creem.&#8221; _builder_version=&#8221;4.16&#8243; background_color=&#8221;rgba(255, 255, 255, 0)&#8221; background_image=&#8221;\/wp-content\/uploads\/2017\/12\/TheBigBox-Interiorismo-HotelCaliforniaGarden23.jpg&#8221; global_colors_info=&#8221;{}&#8221; button_one_text_size__hover_enabled=&#8221;off&#8221; button_two_text_size__hover_enabled=&#8221;off&#8221; button_one_text_color__hover_enabled=&#8221;off&#8221; button_two_text_color__hover_enabled=&#8221;off&#8221; button_one_border_width__hover_enabled=&#8221;off&#8221; button_two_border_width__hover_enabled=&#8221;off&#8221; button_one_border_color__hover_enabled=&#8221;off&#8221; button_two_border_color__hover_enabled=&#8221;off&#8221; button_one_border_radius__hover_enabled=&#8221;off&#8221; button_two_border_radius__hover_enabled=&#8221;off&#8221; button_one_letter_spacing__hover_enabled=&#8221;off&#8221; button_two_letter_spacing__hover_enabled=&#8221;off&#8221; button_one_bg_color__hover_enabled=&#8221;off&#8221; button_two_bg_color__hover_enabled=&#8221;off&#8221;][\/et_pb_fullwidth_header][\/et_pb_section][et_pb_section fb_built=&#8221;1&#8243; _builder_version=&#8221;4.16&#8243; background_color=&#8221;#ffffff&#8221; global_colors_info=&#8221;{}&#8221;][et_pb_row _builder_version=&#8221;4.16&#8243; global_colors_info=&#8221;{}&#8221;][et_pb_column type=&#8221;4_4&#8243; _builder_version=&#8221;4.16&#8243; custom_padding=&#8221;|||&#8221; global_colors_info=&#8221;{}&#8221; custom_padding__hover=&#8221;|||&#8221;][et_pb_text _builder_version=&#8221;4.16&#8243; global_colors_info=&#8221;{}&#8221;]<\/p>\n<h1 style=\"text-align: center;\">Com treballem<\/h1>\n<p style=\"text-align: center;\">Si has arribat fins aqu\u00ed \u00e9s perqu\u00e8 ens vols con\u00e8ixer millor. Doncs b\u00e9, aqu\u00ed l\u2019expliquem la nostra metodologia pas a pas que fem servir a tots els postres projectes. Metodologia que ens ha servit durant anys per a realitzar els millors productes i aconseguir la m\u00e0xima satisfacci\u00f3 dels postres clients.<\/p>\n<p>&nbsp;<br \/>\n[\/et_pb_text][et_pb_text module_id=&#8221;listado_como_hacemos&#8221; _builder_version=&#8221;4.16&#8243; text_orientation=&#8221;center&#8221; module_alignment=&#8221;center&#8221; global_colors_info=&#8221;{}&#8221;]<\/p>\n<h3><b><span class=\"num\">1<\/span> Introducci\u00f3<\/b><\/h3>\n<p>1. Part preliminar on es defineix un contingut, on s&#8217;aglutinen els atractius i les il\u00b7lusions dels futurs projectes.<br \/>\n2. Lloc per descobrir les tasques a realitzar i descriure un paisatge in\u00e8dit que comen\u00e7a a prendre forma en la nostra ment.<\/p>\n<h3><b><span class=\"num\">2<\/span> Contacte<\/b><\/h3>\n<p>Un contacte, una trucada, una trobada, una encaixada de mans. S\u00f3n els primers passos d\u2019una nova relaci\u00f3, on tothom hi participa. Una uni\u00f3 d\u2019empreses, d\u2019associacions i de persones que q\u00fcestiona i debat solucions per veure tot all\u00f2 que som capa\u00e7os de fer. Ens agrada con\u00e8ixer les persones.<\/p>\n<h3><b><span class=\"num\">3<\/span> Briefing<\/b><\/h3>\n<p>La paraula que expressa les vostres inquietuds. \u00c9s el que escoltem. Un to de veu, una frase, un contingut. Ho entenem, ho transformem i li donem forma. Ens agrada escoltar les vostres explicacions.<\/p>\n<h3><b><span class=\"num\">4<\/span> Avantprojecte<\/b><\/h3>\n<p>Un c\u00famul d\u2019idees. les barregem, les escampem i les encapsulem. El cervell es posa en marxa, gestiona tota la informaci\u00f3. Hi afegim m\u00fasica i sentiment. La m\u00e0, amb tra\u00e7 decidit, interpreta i ens explica el que volem comunicar. Ens agrada comunicar.<\/p>\n<h3><b><span class=\"num\">5<\/span> Projecte<\/b><\/h3>\n<p>Les idees maduren, sovint esdevenen projectes. Els vostres objectius a punt de fer-se realitat. Ens agrada respondre de ple a les vostres expectatives.<\/p>\n<h3><b><span class=\"num\">6<\/span> Coordinaci\u00f3<\/b><\/h3>\n<p>La gran roda es posa en marxa. L\u2019equip hum\u00e0 i les noves tecnologies es posen al vostre servei per aconseguir la qualitat i el rendiment \u00f2ptims. Som al compte enrere.<\/p>\n<h3><b><span class=\"num\">7<\/span> El resultat<\/b><\/h3>\n<p>Amb els \u00faltims detalls, el vostre espai a disposici\u00f3 del p\u00fablic. Un brindis per tots!<\/p>\n<h3><b><span class=\"num\">8<\/span> Satisfacci\u00f3<\/b><\/h3>\n<p>1. Acci\u00f3 de complaure o realitzar completament un desig, un apetit, etc.<br \/>\n2. Solucionar, resoldre.<br \/>\nLa vostra satisfacci\u00f3 \u00e9s l&#8217;est\u00edmul que mant\u00e9 la nostra creativitat i servei a punt.<br \/>\n[\/et_pb_text][\/et_pb_column][\/et_pb_row][\/et_pb_section][et_pb_section fb_built=&#8221;1&#8243; module_id=&#8221;datos_contacto&#8221; _builder_version=&#8221;4.16&#8243; global_colors_info=&#8221;{}&#8221;][et_pb_row _builder_version=&#8221;4.16&#8243; background_size=&#8221;initial&#8221; background_position=&#8221;top_left&#8221; background_repeat=&#8221;repeat&#8221; global_colors_info=&#8221;{}&#8221;][et_pb_column type=&#8221;4_4&#8243; _builder_version=&#8221;4.16&#8243; custom_padding=&#8221;|||&#8221; global_colors_info=&#8221;{}&#8221; custom_padding__hover=&#8221;|||&#8221;][et_pb_text admin_label=&#8221;Texto comencem (cat)&#8221; _builder_version=&#8221;4.16&#8243; text_orientation=&#8221;center&#8221; saved_tabs=&#8221;all&#8221; global_colors_info=&#8221;{}&#8221;]<\/p>\n<h1>Comencem!<\/h1>\n<p>[\/et_pb_text][\/et_pb_column][\/et_pb_row][et_pb_row _builder_version=&#8221;4.16&#8243; background_size=&#8221;initial&#8221; background_position=&#8221;top_left&#8221; background_repeat=&#8221;repeat&#8221; global_colors_info=&#8221;{}&#8221; column_structure=&#8221;3_4,1_4&#8243;][et_pb_column type=&#8221;3_4&#8243; _builder_version=&#8221;4.16&#8243; custom_padding=&#8221;|||&#8221; global_colors_info=&#8221;{}&#8221; custom_padding__hover=&#8221;|||&#8221;][et_pb_code _builder_version=&#8221;4.16&#8243; global_colors_info=&#8221;{}&#8221;]\n<div class=\"wpcf7 no-js\" id=\"wpcf7-f876-o1\" lang=\"es-ES\" dir=\"ltr\" data-wpcf7-id=\"876\">\n<div class=\"screen-reader-response\"><p role=\"status\" aria-live=\"polite\" aria-atomic=\"true\"><\/p> <ul><\/ul><\/div>\n<form action=\"\/ca\/wp-json\/wp\/v2\/pages\/832#wpcf7-f876-o1\" method=\"post\" class=\"wpcf7-form init\" aria-label=\"Formulario de contacto\" novalidate=\"novalidate\" data-status=\"init\">\n<fieldset class=\"hidden-fields-container\"><input type=\"hidden\" name=\"_wpcf7\" value=\"876\" \/><input type=\"hidden\" name=\"_wpcf7_version\" value=\"6.1.5\" \/><input type=\"hidden\" name=\"_wpcf7_locale\" value=\"es_ES\" \/><input type=\"hidden\" name=\"_wpcf7_unit_tag\" value=\"wpcf7-f876-o1\" \/><input type=\"hidden\" name=\"_wpcf7_container_post\" value=\"0\" \/><input type=\"hidden\" name=\"_wpcf7_posted_data_hash\" value=\"\" \/>\n<\/fieldset>\n<p><span class=\"wpcf7-form-control-wrap\" data-name=\"your-name\"><input size=\"40\" maxlength=\"400\" class=\"wpcf7-form-control wpcf7-text wpcf7-validates-as-required\" aria-required=\"true\" aria-invalid=\"false\" placeholder=\"Nom*\" value=\"\" type=\"text\" name=\"your-name\" \/><\/span><br \/>\n<span class=\"wpcf7-form-control-wrap\" data-name=\"your-empresa\"><input size=\"40\" maxlength=\"400\" class=\"wpcf7-form-control wpcf7-text\" aria-invalid=\"false\" placeholder=\"Empresa\" value=\"\" type=\"text\" name=\"your-empresa\" \/><\/span><br \/>\n<span class=\"wpcf7-form-control-wrap\" data-name=\"your-email\"><input size=\"40\" maxlength=\"400\" class=\"wpcf7-form-control wpcf7-email wpcf7-validates-as-required wpcf7-text wpcf7-validates-as-email\" aria-required=\"true\" aria-invalid=\"false\" placeholder=\"Correu electr\u00f2nic*\" value=\"\" type=\"email\" name=\"your-email\" \/><\/span><br \/>\n<span class=\"wpcf7-form-control-wrap\" data-name=\"your-tel\"><input size=\"40\" maxlength=\"400\" class=\"wpcf7-form-control wpcf7-tel wpcf7-text wpcf7-validates-as-tel\" aria-invalid=\"false\" placeholder=\"Tel\u00e8fon\" value=\"\" type=\"tel\" name=\"your-tel\" \/><\/span><br \/>\n<span class=\"wpcf7-form-control-wrap\" data-name=\"your-message\"><textarea cols=\"40\" rows=\"10\" maxlength=\"2000\" class=\"wpcf7-form-control wpcf7-textarea wpcf7-validates-as-required\" aria-required=\"true\" aria-invalid=\"false\" placeholder=\"Missatge*\" name=\"your-message\"><\/textarea><\/span>\n<\/p>\n<p id=\"aceptacionp\"><span class=\"wpcf7-form-control-wrap\" data-name=\"acceptance-357\"><span class=\"wpcf7-form-control wpcf7-acceptance\"><span class=\"wpcf7-list-item\"><input type=\"checkbox\" name=\"acceptance-357\" value=\"1\" class=\"check-aceptacion\" id=\"aceptacion-rgpd\" aria-invalid=\"false\" \/><\/span><\/span><\/span> He llegit i accepto la <a  href=\"\/ca\/politica-de-privacitat\/\" target=\"_blank\">Pol\u00edtica de Privacitat<\/a> per activar l'enviament.\n<\/p>\n<p><input class=\"wpcf7-form-control wpcf7-submit has-spinner\" type=\"submit\" value=\"Enviar\" \/>\n<\/p><div class=\"wpcf7-response-output\" aria-hidden=\"true\"><\/div>\n<\/form>\n<\/div>\n[\/et_pb_code][\/et_pb_column][et_pb_column type=&#8221;1_4&#8243; _builder_version=&#8221;4.16&#8243; custom_padding=&#8221;|||&#8221; global_colors_info=&#8221;{}&#8221; custom_padding__hover=&#8221;|||&#8221;][et_pb_text admin_label=&#8221;Texto adre\u00e7a catal\u00e0&#8221; _builder_version=&#8221;4.22.2&#8243; hover_enabled=&#8221;0&#8243; saved_tabs=&#8221;all&#8221; global_colors_info=&#8221;{}&#8221; sticky_enabled=&#8221;0&#8243;]<\/p>\n<p><img loading=\"lazy\" decoding=\"async\" class=\"alignnone wp-image-572 size-thumbnail\" src=\"\/wp-content\/uploads\/2018\/03\/logo_bigbox-150x150.png\" alt=\"\" width=\"150\" height=\"150\" srcset=\"https:\/\/www.thebigbox.cat\/wp-content\/uploads\/2018\/03\/logo_bigbox-150x150.png 150w, https:\/\/www.thebigbox.cat\/wp-content\/uploads\/2018\/03\/logo_bigbox-400x400.png 400w\" sizes=\"(max-width: 150px) 100vw, 150px\" \/><br \/><strong>Adre\u00e7a<\/strong><br \/><a href=\"https:\/\/goo.gl\/maps\/ou3YRG1Dwjo\" target=\"_blank\" rel=\"noopener\">C\/ Mare de D\u00e9u del Carme, 7 baixos<br \/>08320 El Masnou (Barcelona)<\/a><\/p>\n<p><strong>Tel\u00e8fon<\/strong><br \/><a href=\"tel:+34 931 258 621\">+34 931 258 621<\/a><\/p>\n<p>[\/et_pb_text][\/et_pb_column][\/et_pb_row][\/et_pb_section]<\/p>\n","protected":false},"excerpt":{"rendered":"<p>Com treballem Si has arribat fins aqu\u00ed \u00e9s perqu\u00e8 ens vols con\u00e8ixer millor. Doncs b\u00e9, aqu\u00ed l\u2019expliquem la nostra metodologia pas a pas que fem servir a tots els postres projectes. Metodologia que ens ha servit durant anys per a realitzar els millors productes i aconseguir la m\u00e0xima satisfacci\u00f3 dels postres clients. &nbsp; 1 Introducci\u00f3 [&hellip;]<\/p>\n","protected":false},"author":1,"featured_media":0,"parent":0,"menu_order":0,"comment_status":"closed","ping_status":"closed","template":"","meta":{"_et_pb_use_builder":"on","_et_pb_old_content":"[et_pb_section bb_built=\"1\" fullwidth=\"on\"][et_pb_fullwidth_header _builder_version=\"3.0.89\" title=\"Escuhamos. Transformamos. Creamos.\" background_image=\"\/wp-content\/uploads\/2017\/12\/TheBigBox-Interiorismo-HotelCaliforniaGarden23.jpg\" text_orientation=\"left\" header_fullscreen=\"off\" header_scroll_down=\"off\" image_orientation=\"center\" background_layout=\"dark\" content_orientation=\"center\" custom_button_one=\"off\" button_one_icon_placement=\"right\" custom_button_two=\"off\" button_two_icon_placement=\"right\" \/][\/et_pb_section][et_pb_section bb_built=\"1\" fullwidth=\"off\" background_color=\"#ffffff\" _builder_version=\"3.0.89\"][et_pb_row _builder_version=\"3.0.89\"][et_pb_column type=\"4_4\"][et_pb_text _builder_version=\"3.0.89\" background_layout=\"light\"]\r\n<h1 style=\"text-align: center;\">C\u00f3mo trabajamos<\/h1>\r\n<p style=\"text-align: center;\">Si has llegado hasta aqu\u00ed es porque quieres conocernos mejor. Pues bien, aqu\u00ed te contamos nuestra metodolog\u00eda paso a paso que usamos en todos nuestros proyectos. Una metodolog\u00eda que nos ha servido durante a\u00f1os a entregar los mejores productos y lograr la m\u00e1xima satisfacci\u00f3n del cliente.<\/p>\r\n\u00a0\r\n\r\n[\/et_pb_text][et_pb_text _builder_version=\"3.0.89\" background_layout=\"light\" text_orientation=\"center\" module_id=\"listado_como_hacemos\" module_alignment=\"center\"]\r\n<h3><b><span class=\"num\">1<\/span> Introducci\u00f3n<\/b><\/h3>\r\n1. Parte preliminar donde se define un contenido, donde se aglutinan los atractivos y las ilusiones de los futuros proyectos.\r\n2. Lugar para descubrir las tareas a realizar y describir un paisaje in\u00e9dito que empieza a tomar forma en nuestra mente.\r\n<h3><b><span class=\"num\">2<\/span> Contacto<\/b><\/h3>\r\nUn contacto, una llamada, un encuentro, un apret\u00f3n de manos. Son los primeros pasos de una nueva relaci\u00f3n donde todos participan. Una uni\u00f3n de empresas, asociaciones y personas que pone en cuesti\u00f3n y debate soluciones para ver hasta d\u00f3nde somos capaces de llegar. Nos gusta conocer a las personas.\r\n<h3><b><span class=\"num\">3<\/span> Briefing<\/b><\/h3>\r\nLa palabra que expresa vuestras inquietudes. Es lo que escuchamos. Un tono de voz, una frase, un contenido. Lo entendemos, lo transformamos, le damos forma. Nos gusta escuchar las explicaciones.\r\n<h3><b><span class=\"num\">4<\/span> Anteproyecto<\/b><\/h3>\r\nUn c\u00famulo de ideas. Las mezclamos, las dispersamos y las encapsulamos. El cerebro se pone en marcha, gestiona toda la informaci\u00f3n. A\u00f1adimos m\u00fasica y sentimiento. La mano, con trazo decidido, interpreta y explica aquello que queremos comunicar. Nos gusta comunicar.\r\n<h3><b><span class=\"num\">5<\/span> Proyecto<\/b><\/h3>\r\nLas ideas maduran, a menudo se convierten en proyectos... Vuestros objetivos a punto de hacerse realidad. Nos gusta cumplir con todas vuestras expectativas.\r\n<h3><b><span class=\"num\">6<\/span> Coordinaci\u00f3n<\/b><\/h3>\r\nLa gran rueda se pone en marcha. El equipo humano y las nuevas tecnolog\u00edas se ponen a vuestro servicio para conseguir la calidad y el rendimiento \u00f3ptimos. Estamos en la cuenta atr\u00e1s.\r\n<h3><b><span class=\"num\">7<\/span> El resultado<\/b><\/h3>\r\nTras los \u00faltimos detalles, vuestro espacio est\u00e1 listo, a disposici\u00f3n del p\u00fablico. \u00a1Un brindis por todos! \u00a1Por el objetivo conseguido!\r\n<h3><b><span class=\"num\">8<\/span> Satisfacci\u00f3n<\/b><\/h3>\r\n1. Acci\u00f3n de complacer o realizar completamente un deseo, un apetito, etc.\r\n2. Solucionar, resolver.\r\nVuestra satisfacci\u00f3n es el est\u00edmulo que mantiene nuestra creatividad y servicio a punto.\r\n\r\n[\/et_pb_text][\/et_pb_column][\/et_pb_row][\/et_pb_section][et_pb_section bb_built=\"1\" fullwidth=\"off\" specialty=\"off\" _builder_version=\"3.0.89\" module_id=\"datos_contacto\"][et_pb_row][et_pb_column type=\"4_4\"][et_pb_text admin_label=\"Texto %22empecemos%22\" _builder_version=\"3.0.89\" background_layout=\"light\" text_font=\"|||on|||||\" text_orientation=\"center\" module_alignment=\"center\" saved_tabs=\"all\" global_module=\"663\"]\r\n<h1>\u00a1Empecemos!<\/h1>\r\n[\/et_pb_text][\/et_pb_column][\/et_pb_row][et_pb_row][et_pb_column type=\"3_4\"][et_pb_code _builder_version=\"3.0.89\"][contact-form-7 id=\"584\" title=\"ES - Formulario contacto principal\"][\/et_pb_code][\/et_pb_column][et_pb_column type=\"1_4\"][et_pb_text admin_label=\"Text\" background_layout=\"light\" _builder_version=\"3.0.89\" saved_tabs=\"all\" global_module=\"642\"]\r\n\r\n<img class=\"alignnone wp-image-572 size-thumbnail\" src=\"\/wp-content\/uploads\/2018\/03\/logo_bigbox-150x150.png\" alt=\"\" width=\"150\" height=\"150\" \/>\r\n<strong>Direcci\u00f3n<\/strong>\r\n<a href=\"https:\/\/goo.gl\/maps\/ou3YRG1Dwjo\" target=\"_blank\" rel=\"noopener\">C\/ Mare de D\u00e9u del Carme, 7 baixos\r\n08320 El Masnou (Barcelona)<\/a>\r\n\r\n<strong>Tel\u00e9fono<\/strong>\r\n<a href=\"tel:+34 931 258 621\">+34 931 258 621<\/a>\r\n\r\n[\/et_pb_text][\/et_pb_column][\/et_pb_row][\/et_pb_section]","_et_gb_content_width":"","footnotes":""},"class_list":["post-832","page","type-page","status-publish","hentry"],"_links":{"self":[{"href":"https:\/\/www.thebigbox.cat\/ca\/wp-json\/wp\/v2\/pages\/832","targetHints":{"allow":["GET"]}}],"collection":[{"href":"https:\/\/www.thebigbox.cat\/ca\/wp-json\/wp\/v2\/pages"}],"about":[{"href":"https:\/\/www.thebigbox.cat\/ca\/wp-json\/wp\/v2\/types\/page"}],"author":[{"embeddable":true,"href":"https:\/\/www.thebigbox.cat\/ca\/wp-json\/wp\/v2\/users\/1"}],"replies":[{"embeddable":true,"href":"https:\/\/www.thebigbox.cat\/ca\/wp-json\/wp\/v2\/comments?post=832"}],"version-history":[{"count":3,"href":"https:\/\/www.thebigbox.cat\/ca\/wp-json\/wp\/v2\/pages\/832\/revisions"}],"predecessor-version":[{"id":1469,"href":"https:\/\/www.thebigbox.cat\/ca\/wp-json\/wp\/v2\/pages\/832\/revisions\/1469"}],"wp:attachment":[{"href":"https:\/\/www.thebigbox.cat\/ca\/wp-json\/wp\/v2\/media?parent=832"}],"curies":[{"name":"wp","href":"https:\/\/api.w.org\/{rel}","templated":true}]}}