{"id":840,"date":"2018-06-12T16:46:38","date_gmt":"2018-06-12T16:46:38","guid":{"rendered":"https:\/\/www.thebigbox.cat\/?page_id=840"},"modified":"2023-10-16T07:08:36","modified_gmt":"2023-10-16T07:08:36","slug":"contacte","status":"publish","type":"page","link":"https:\/\/www.thebigbox.cat\/ca\/contacte\/","title":{"rendered":"Contacte"},"content":{"rendered":"<p>[et_pb_section fb_built=&#8221;1&#8243; fullwidth=&#8221;on&#8221; _builder_version=&#8221;4.16&#8243; global_colors_info=&#8221;{}&#8221;][et_pb_fullwidth_header title=&#8221;Contacte. Trucada. Trobada.&#8221; text_orientation=&#8221;center&#8221; _builder_version=&#8221;4.16&#8243; background_color=&#8221;rgba(255, 255, 255, 0)&#8221; background_image=&#8221;\/wp-content\/uploads\/2018\/04\/bg_contact.jpg&#8221; global_colors_info=&#8221;{}&#8221; button_one_text_size__hover_enabled=&#8221;off&#8221; button_two_text_size__hover_enabled=&#8221;off&#8221; button_one_text_color__hover_enabled=&#8221;off&#8221; button_two_text_color__hover_enabled=&#8221;off&#8221; button_one_border_width__hover_enabled=&#8221;off&#8221; button_two_border_width__hover_enabled=&#8221;off&#8221; button_one_border_color__hover_enabled=&#8221;off&#8221; button_two_border_color__hover_enabled=&#8221;off&#8221; button_one_border_radius__hover_enabled=&#8221;off&#8221; button_two_border_radius__hover_enabled=&#8221;off&#8221; button_one_letter_spacing__hover_enabled=&#8221;off&#8221; button_two_letter_spacing__hover_enabled=&#8221;off&#8221; button_one_bg_color__hover_enabled=&#8221;off&#8221; button_two_bg_color__hover_enabled=&#8221;off&#8221;][\/et_pb_fullwidth_header][\/et_pb_section][et_pb_section fb_built=&#8221;1&#8243; _builder_version=&#8221;4.16&#8243; global_colors_info=&#8221;{}&#8221;][et_pb_row _builder_version=&#8221;4.16&#8243; background_size=&#8221;initial&#8221; background_position=&#8221;top_left&#8221; background_repeat=&#8221;repeat&#8221; global_colors_info=&#8221;{}&#8221;][et_pb_column type=&#8221;4_4&#8243; _builder_version=&#8221;4.16&#8243; custom_padding=&#8221;|||&#8221; global_colors_info=&#8221;{}&#8221; custom_padding__hover=&#8221;|||&#8221;][et_pb_text _builder_version=&#8221;4.16&#8243; global_colors_info=&#8221;{}&#8221;]<\/p>\n<h2 style=\"text-align: center;\">Et fa falta ajuda per a crear el teu estand? Busques serveis d\u2019interiorisme?<\/h2>\n<p style=\"text-align: center;\">Utilitza el seg\u00fcent formulari contacte explicant-nos els teus dubtes amb tanta informaci\u00f3 com et sigui possible, per a respondre de la manera m\u00e9s adequada.<br \/>\nEns posarem en contacte el m\u00e9s aviat possible.<\/p>\n<p>[\/et_pb_text][\/et_pb_column][\/et_pb_row][\/et_pb_section][et_pb_section fb_built=&#8221;1&#8243; module_id=&#8221;datos_contacto&#8221; _builder_version=&#8221;4.16&#8243; global_colors_info=&#8221;{}&#8221;][et_pb_row column_structure=&#8221;2_3,1_3&#8243; _builder_version=&#8221;4.16&#8243; background_size=&#8221;initial&#8221; background_position=&#8221;top_left&#8221; background_repeat=&#8221;repeat&#8221; global_colors_info=&#8221;{}&#8221;][et_pb_column type=&#8221;2_3&#8243; _builder_version=&#8221;4.16&#8243; custom_padding=&#8221;|||&#8221; global_colors_info=&#8221;{}&#8221; custom_padding__hover=&#8221;|||&#8221;][et_pb_code _builder_version=&#8221;4.16&#8243; global_colors_info=&#8221;{}&#8221;]\n<div class=\"wpcf7 no-js\" id=\"wpcf7-f876-o1\" lang=\"es-ES\" dir=\"ltr\" data-wpcf7-id=\"876\">\n<div class=\"screen-reader-response\"><p role=\"status\" aria-live=\"polite\" aria-atomic=\"true\"><\/p> <ul><\/ul><\/div>\n<form action=\"\/ca\/wp-json\/wp\/v2\/pages\/840#wpcf7-f876-o1\" method=\"post\" class=\"wpcf7-form init\" aria-label=\"Formulario de contacto\" novalidate=\"novalidate\" data-status=\"init\">\n<fieldset class=\"hidden-fields-container\"><input type=\"hidden\" name=\"_wpcf7\" value=\"876\" \/><input type=\"hidden\" name=\"_wpcf7_version\" value=\"6.1.5\" \/><input type=\"hidden\" name=\"_wpcf7_locale\" value=\"es_ES\" \/><input type=\"hidden\" name=\"_wpcf7_unit_tag\" value=\"wpcf7-f876-o1\" \/><input type=\"hidden\" name=\"_wpcf7_container_post\" value=\"0\" \/><input type=\"hidden\" name=\"_wpcf7_posted_data_hash\" value=\"\" \/>\n<\/fieldset>\n<p><span class=\"wpcf7-form-control-wrap\" data-name=\"your-name\"><input size=\"40\" maxlength=\"400\" class=\"wpcf7-form-control wpcf7-text wpcf7-validates-as-required\" aria-required=\"true\" aria-invalid=\"false\" placeholder=\"Nom*\" value=\"\" type=\"text\" name=\"your-name\" \/><\/span><br \/>\n<span class=\"wpcf7-form-control-wrap\" data-name=\"your-empresa\"><input size=\"40\" maxlength=\"400\" class=\"wpcf7-form-control wpcf7-text\" aria-invalid=\"false\" placeholder=\"Empresa\" value=\"\" type=\"text\" name=\"your-empresa\" \/><\/span><br \/>\n<span class=\"wpcf7-form-control-wrap\" data-name=\"your-email\"><input size=\"40\" maxlength=\"400\" class=\"wpcf7-form-control wpcf7-email wpcf7-validates-as-required wpcf7-text wpcf7-validates-as-email\" aria-required=\"true\" aria-invalid=\"false\" placeholder=\"Correu electr\u00f2nic*\" value=\"\" type=\"email\" name=\"your-email\" \/><\/span><br \/>\n<span class=\"wpcf7-form-control-wrap\" data-name=\"your-tel\"><input size=\"40\" maxlength=\"400\" class=\"wpcf7-form-control wpcf7-tel wpcf7-text wpcf7-validates-as-tel\" aria-invalid=\"false\" placeholder=\"Tel\u00e8fon\" value=\"\" type=\"tel\" name=\"your-tel\" \/><\/span><br \/>\n<span class=\"wpcf7-form-control-wrap\" data-name=\"your-message\"><textarea cols=\"40\" rows=\"10\" maxlength=\"2000\" class=\"wpcf7-form-control wpcf7-textarea wpcf7-validates-as-required\" aria-required=\"true\" aria-invalid=\"false\" placeholder=\"Missatge*\" name=\"your-message\"><\/textarea><\/span>\n<\/p>\n<p id=\"aceptacionp\"><span class=\"wpcf7-form-control-wrap\" data-name=\"acceptance-357\"><span class=\"wpcf7-form-control wpcf7-acceptance\"><span class=\"wpcf7-list-item\"><input type=\"checkbox\" name=\"acceptance-357\" value=\"1\" class=\"check-aceptacion\" id=\"aceptacion-rgpd\" aria-invalid=\"false\" \/><\/span><\/span><\/span> He llegit i accepto la <a  href=\"\/ca\/politica-de-privacitat\/\" target=\"_blank\">Pol\u00edtica de Privacitat<\/a> per activar l'enviament.\n<\/p>\n<p><input class=\"wpcf7-form-control wpcf7-submit has-spinner\" type=\"submit\" value=\"Enviar\" \/>\n<\/p><div class=\"wpcf7-response-output\" aria-hidden=\"true\"><\/div>\n<\/form>\n<\/div>\n[\/et_pb_code][\/et_pb_column][et_pb_column type=&#8221;1_3&#8243; _builder_version=&#8221;4.16&#8243; custom_padding=&#8221;|||&#8221; global_colors_info=&#8221;{}&#8221; custom_padding__hover=&#8221;|||&#8221;][et_pb_text admin_label=&#8221;Texto adre\u00e7a catal\u00e0&#8221; _builder_version=&#8221;4.22.2&#8243; hover_enabled=&#8221;0&#8243; saved_tabs=&#8221;all&#8221; global_colors_info=&#8221;{}&#8221; sticky_enabled=&#8221;0&#8243;]<\/p>\n<p><img loading=\"lazy\" decoding=\"async\" class=\"alignnone wp-image-572 size-thumbnail\" src=\"\/wp-content\/uploads\/2018\/03\/logo_bigbox-150x150.png\" alt=\"\" width=\"150\" height=\"150\" srcset=\"https:\/\/www.thebigbox.cat\/wp-content\/uploads\/2018\/03\/logo_bigbox-150x150.png 150w, https:\/\/www.thebigbox.cat\/wp-content\/uploads\/2018\/03\/logo_bigbox-400x400.png 400w\" sizes=\"(max-width: 150px) 100vw, 150px\" \/><br \/>\n<strong>Adre\u00e7a<\/strong><br \/>\n<a href=\"https:\/\/goo.gl\/maps\/uRfNZrxJpMThzorg9\" target=\"_blank\" rel=\"noopener\">C\/ Josep Anselm Clav\u00e9, 7<br \/>\n08320 El Masnou (Barcelona)<\/a><\/p>\n<p><strong>Tel\u00e8fon<\/strong><br \/>\n<a href=\"tel:+34 930 314 484\">+34 930 314 484<\/a><\/p>\n<p>[\/et_pb_text][\/et_pb_column][\/et_pb_row][\/et_pb_section]<\/p>\n","protected":false},"excerpt":{"rendered":"<p>Et fa falta ajuda per a crear el teu estand? Busques serveis d\u2019interiorisme? Utilitza el seg\u00fcent formulari contacte explicant-nos els teus dubtes amb tanta informaci\u00f3 com et sigui possible, per a respondre de la manera m\u00e9s adequada. Ens posarem en contacte el m\u00e9s aviat possible. \n<div class=\"wpcf7 no-js\" id=\"wpcf7-f876-o2\" lang=\"es-ES\" dir=\"ltr\" data-wpcf7-id=\"876\">\n<div class=\"screen-reader-response\"><p role=\"status\" aria-live=\"polite\" aria-atomic=\"true\"><\/p> <ul><\/ul><\/div>\n<form action=\"\/ca\/wp-json\/wp\/v2\/pages\/840#wpcf7-f876-o2\" method=\"post\" class=\"wpcf7-form init\" aria-label=\"Formulario de contacto\" novalidate=\"novalidate\" data-status=\"init\">\n<fieldset class=\"hidden-fields-container\"><input type=\"hidden\" name=\"_wpcf7\" value=\"876\" \/><input type=\"hidden\" name=\"_wpcf7_version\" value=\"6.1.5\" \/><input type=\"hidden\" name=\"_wpcf7_locale\" value=\"es_ES\" \/><input type=\"hidden\" name=\"_wpcf7_unit_tag\" value=\"wpcf7-f876-o2\" \/><input type=\"hidden\" name=\"_wpcf7_container_post\" value=\"0\" \/><input type=\"hidden\" name=\"_wpcf7_posted_data_hash\" value=\"\" \/>\n<\/fieldset>\n<p><span class=\"wpcf7-form-control-wrap\" data-name=\"your-name\"><input size=\"40\" maxlength=\"400\" class=\"wpcf7-form-control wpcf7-text wpcf7-validates-as-required\" aria-required=\"true\" aria-invalid=\"false\" placeholder=\"Nom*\" value=\"\" type=\"text\" name=\"your-name\" \/><\/span><br \/>\n<span class=\"wpcf7-form-control-wrap\" data-name=\"your-empresa\"><input size=\"40\" maxlength=\"400\" class=\"wpcf7-form-control wpcf7-text\" aria-invalid=\"false\" placeholder=\"Empresa\" value=\"\" type=\"text\" name=\"your-empresa\" \/><\/span><br \/>\n<span class=\"wpcf7-form-control-wrap\" data-name=\"your-email\"><input size=\"40\" maxlength=\"400\" class=\"wpcf7-form-control wpcf7-email wpcf7-validates-as-required wpcf7-text wpcf7-validates-as-email\" aria-required=\"true\" aria-invalid=\"false\" placeholder=\"Correu electr\u00f2nic*\" value=\"\" type=\"email\" name=\"your-email\" \/><\/span><br \/>\n<span class=\"wpcf7-form-control-wrap\" data-name=\"your-tel\"><input size=\"40\" maxlength=\"400\" class=\"wpcf7-form-control wpcf7-tel wpcf7-text wpcf7-validates-as-tel\" aria-invalid=\"false\" placeholder=\"Tel\u00e8fon\" value=\"\" type=\"tel\" name=\"your-tel\" \/><\/span><br \/>\n<span class=\"wpcf7-form-control-wrap\" data-name=\"your-message\"><textarea cols=\"40\" rows=\"10\" maxlength=\"2000\" class=\"wpcf7-form-control wpcf7-textarea wpcf7-validates-as-required\" aria-required=\"true\" aria-invalid=\"false\" placeholder=\"Missatge*\" name=\"your-message\"><\/textarea><\/span>\n<\/p>\n<p id=\"aceptacionp\"><span class=\"wpcf7-form-control-wrap\" data-name=\"acceptance-357\"><span class=\"wpcf7-form-control wpcf7-acceptance\"><span class=\"wpcf7-list-item\"><input type=\"checkbox\" name=\"acceptance-357\" value=\"1\" class=\"check-aceptacion\" aria-invalid=\"false\" \/><\/span><\/span><\/span> He llegit i accepto la <a  href=\"\/ca\/politica-de-privacitat\/\" target=\"_blank\">Pol\u00edtica de Privacitat<\/a> per activar l'enviament.\n<\/p>\n<p><input class=\"wpcf7-form-control wpcf7-submit has-spinner\" type=\"submit\" value=\"Enviar\" \/>\n<\/p><div class=\"wpcf7-response-output\" aria-hidden=\"true\"><\/div>\n<\/form>\n<\/div>\n Adre\u00e7a C\/ Josep [&hellip;]<\/p>\n","protected":false},"author":1,"featured_media":0,"parent":0,"menu_order":0,"comment_status":"closed","ping_status":"closed","template":"","meta":{"_et_pb_use_builder":"on","_et_pb_old_content":"[et_pb_section bb_built=\"1\" fullwidth=\"on\" specialty=\"off\" _builder_version=\"3.0.89\"][et_pb_fullwidth_header _builder_version=\"3.0.89\" title=\"Contacto. Llamada. Encuentro.\" text_orientation=\"center\" header_fullscreen=\"off\" header_scroll_down=\"off\" image_orientation=\"center\" background_layout=\"dark\" content_orientation=\"center\" custom_button_one=\"off\" button_one_icon_placement=\"right\" custom_button_two=\"off\" button_two_icon_placement=\"right\" background_image=\"\/wp-content\/uploads\/2018\/04\/bg_contact.jpg\" parallax_method=\"on\" \/][\/et_pb_section][et_pb_section bb_built=\"1\" fullwidth=\"off\" specialty=\"off\"][et_pb_row][et_pb_column type=\"4_4\"][et_pb_text _builder_version=\"3.0.89\" background_layout=\"light\"]\r\n<h2 style=\"text-align: center;\">\u00bfNecesitas ayuda para crear tu stand? \u00bfBuscas servicios de interiorismo?<\/h2>\r\n<p style=\"text-align: center;\">Utiliza el siguiente formulario de contacto detallando tu problema con tanta informaci\u00f3n como te sea posible para responderte de la mejor manera.\r\nNos pondremos en contacto contigo lo m\u00e1s pronto que nos sea posible.<\/p>\r\n[\/et_pb_text][\/et_pb_column][\/et_pb_row][\/et_pb_section][et_pb_section bb_built=\"1\" fullwidth=\"off\" _builder_version=\"3.0.89\" module_id=\"datos_contacto\"][et_pb_row][et_pb_column type=\"2_3\"][et_pb_code _builder_version=\"3.0.89\"][contact-form-7 id=\"584\" title=\"ES - Formulario contacto principal\"][\/et_pb_code][\/et_pb_column][et_pb_column type=\"1_3\"][et_pb_text admin_label=\"Text\" background_layout=\"light\" _builder_version=\"3.0.89\" saved_tabs=\"all\" global_module=\"642\"]\r\n\r\n<img class=\"alignnone wp-image-572 size-thumbnail\" src=\"\/wp-content\/uploads\/2018\/03\/logo_bigbox-150x150.png\" alt=\"\" width=\"150\" height=\"150\" \/>\r\n<strong>Direcci\u00f3n<\/strong>\r\n<a href=\"https:\/\/goo.gl\/maps\/ou3YRG1Dwjo\" target=\"_blank\" rel=\"noopener\">C\/ Mare de D\u00e9u del Carme, 7 baixos\r\n08320 El Masnou (Barcelona)<\/a>\r\n\r\n<strong>Tel\u00e9fono<\/strong>\r\n<a href=\"tel:+34 931 258 621\">+34 931 258 621<\/a>\r\n\r\n[\/et_pb_text][\/et_pb_column][\/et_pb_row][\/et_pb_section]","_et_gb_content_width":"","footnotes":""},"class_list":["post-840","page","type-page","status-publish","hentry"],"_links":{"self":[{"href":"https:\/\/www.thebigbox.cat\/ca\/wp-json\/wp\/v2\/pages\/840","targetHints":{"allow":["GET"]}}],"collection":[{"href":"https:\/\/www.thebigbox.cat\/ca\/wp-json\/wp\/v2\/pages"}],"about":[{"href":"https:\/\/www.thebigbox.cat\/ca\/wp-json\/wp\/v2\/types\/page"}],"author":[{"embeddable":true,"href":"https:\/\/www.thebigbox.cat\/ca\/wp-json\/wp\/v2\/users\/1"}],"replies":[{"embeddable":true,"href":"https:\/\/www.thebigbox.cat\/ca\/wp-json\/wp\/v2\/comments?post=840"}],"version-history":[{"count":7,"href":"https:\/\/www.thebigbox.cat\/ca\/wp-json\/wp\/v2\/pages\/840\/revisions"}],"predecessor-version":[{"id":1462,"href":"https:\/\/www.thebigbox.cat\/ca\/wp-json\/wp\/v2\/pages\/840\/revisions\/1462"}],"wp:attachment":[{"href":"https:\/\/www.thebigbox.cat\/ca\/wp-json\/wp\/v2\/media?parent=840"}],"curies":[{"name":"wp","href":"https:\/\/api.w.org\/{rel}","templated":true}]}}